{"id":16,"date":"2020-07-13T05:23:12","date_gmt":"2020-07-13T05:23:12","guid":{"rendered":"https:\/\/cantinabruno.com.ar\/?page_id=16"},"modified":"2021-02-25T19:31:46","modified_gmt":"2021-02-25T19:31:46","slug":"nuestra-cantina","status":"publish","type":"page","link":"https:\/\/cantinabruno.com.ar\/?page_id=16","title":{"rendered":"La Cantina"},"content":{"rendered":"\t\t<div data-elementor-type=\"wp-page\" data-elementor-id=\"16\" class=\"elementor elementor-16\">\n\t\t\t\t\t\t<div class=\"elementor-inner\">\n\t\t\t\t<div class=\"elementor-section-wrap\">\n\t\t\t\t\t\t\t\t\t<section class=\"elementor-section elementor-top-section elementor-element elementor-element-280b1e9 elementor-section-stretched elementor-section-boxed elementor-section-height-default elementor-section-height-default\" data-id=\"280b1e9\" data-element_type=\"section\" data-settings=\"{&quot;stretch_section&quot;:&quot;section-stretched&quot;}\">\n\t\t\t\t\t\t<div class=\"elementor-container elementor-column-gap-default\">\n\t\t\t\t\t\t\t<div class=\"elementor-row\">\n\t\t\t\t\t<div class=\"elementor-column elementor-col-100 elementor-top-column elementor-element elementor-element-a240804\" data-id=\"a240804\" data-element_type=\"column\">\n\t\t\t<div class=\"elementor-column-wrap elementor-element-populated\">\n\t\t\t\t\t\t\t<div class=\"elementor-widget-wrap\">\n\t\t\t\t\t\t<div class=\"elementor-element elementor-element-c4cac95 elementor-widget elementor-widget-heading\" data-id=\"c4cac95\" data-element_type=\"widget\" data-widget_type=\"heading.default\">\n\t\t\t\t<div class=\"elementor-widget-container\">\n\t\t\t<h2 class=\"elementor-heading-title elementor-size-default\">Nuestra Cantina, \nsu casa<\/h2>\t\t<\/div>\n\t\t\t\t<\/div>\n\t\t\t\t<div class=\"elementor-element elementor-element-36b7c6e elementor-widget elementor-widget-heading\" data-id=\"36b7c6e\" data-element_type=\"widget\" data-widget_type=\"heading.default\">\n\t\t\t\t<div class=\"elementor-widget-container\">\n\t\t\t<h2 class=\"elementor-heading-title elementor-size-default\">En Cantina Bruno es muy com\u00fan encontrarse con celebridades de la \u00e9poca dorada del f\u00fatbol, cine y televisi\u00f3n. Todos son bienvenidos, y la visita que m\u00e1s nos enorgullece es la suya y la de su familia. Los esperamos!<\/h2>\t\t<\/div>\n\t\t\t\t<\/div>\n\t\t\t\t<div class=\"elementor-element elementor-element-6fb25922 elementor-widget elementor-widget-tp-gallery-listout\" data-id=\"6fb25922\" data-element_type=\"widget\" data-widget_type=\"tp-gallery-listout.default\">\n\t\t\t\t<div class=\"elementor-widget-container\">\n\t\t\t<div id=\"pt-plus-gallery-list\" class=\"gallery-list post69d129eeb15f1  list-isotope-metro  gallery-style-1 hover-image-style-1  tp-gal-fc\"  data-layout-type=\"metro\"  data-metro-columns=\"3\"  data-metro-style=\"style-1\"  data-tablet-metro-columns=\"3\"  data-tablet-metro-style=\"style-1\"   data-id=\"post69d129eeb15f1\" data-style=\"style-1\"  data-enable-isotope=\"1\"><div id=\"post69d129eeb15f1\" class=\"tp-row post-inner-loop post69d129eeb15f1\"><div class=\"grid-item metro-item1       \"  ><div>\n\t\t\t<a href=\"https:\/\/cantinabruno.com.ar\/wp-content\/uploads\/2020\/08\/gallardo1.jpg\" class=\"gallery-list-content\" data-elementor-open-lightbox=\"default\" data-elementor-lightbox-slideshow=\"6fb25922\">\n\t\t\t\t<div class=\"post-content-center\">\t\t\n\t\t<div class=\"post-hover-content\">\n\t\t\t\t\t\t\t\t\t\t\t\t\t\t<\/div>\n\t<\/div>\n\t\t\t<div class=\"gallery-bg-image-metro \" style=\"background:url(https:\/\/cantinabruno.com.ar\/wp-content\/uploads\/2020\/08\/gallardo1.jpg)\"><\/div>\n\t\n\t<\/a>\n<\/div><\/div><div class=\"grid-item metro-item2       \"  ><div>\n\t\t\t<a href=\"https:\/\/cantinabruno.com.ar\/wp-content\/uploads\/2020\/08\/visitas-carlos-bianchi.jpg\" class=\"gallery-list-content\" data-elementor-open-lightbox=\"default\" data-elementor-lightbox-slideshow=\"6fb25922\">\n\t\t\t\t<div class=\"post-content-center\">\t\t\n\t\t<div class=\"post-hover-content\">\n\t\t\t\t\t\t\t\t\t\t\t\t\t\t<\/div>\n\t<\/div>\n\t\t\t<div class=\"gallery-bg-image-metro \" style=\"background:url(https:\/\/cantinabruno.com.ar\/wp-content\/uploads\/2020\/08\/visitas-carlos-bianchi.jpg)\"><\/div>\n\t\n\t<\/a>\n<\/div><\/div><div class=\"grid-item metro-item3       \"  ><div>\n\t\t\t<a href=\"https:\/\/cantinabruno.com.ar\/wp-content\/uploads\/2020\/08\/visitas-1.jpg\" class=\"gallery-list-content\" data-elementor-open-lightbox=\"default\" data-elementor-lightbox-slideshow=\"6fb25922\">\n\t\t\t\t<div class=\"post-content-center\">\t\t\n\t\t<div class=\"post-hover-content\">\n\t\t\t\t\t\t\t\t\t\t\t\t\t\t<\/div>\n\t<\/div>\n\t\t\t<div class=\"gallery-bg-image-metro \" style=\"background:url(https:\/\/cantinabruno.com.ar\/wp-content\/uploads\/2020\/08\/visitas-1.jpg)\"><\/div>\n\t\n\t<\/a>\n<\/div><\/div><div class=\"grid-item metro-item4       \"  ><div>\n\t\t\t<a href=\"https:\/\/cantinabruno.com.ar\/wp-content\/uploads\/2020\/08\/visitas-amadeo-carrizo.jpg\" class=\"gallery-list-content\" data-elementor-open-lightbox=\"default\" data-elementor-lightbox-slideshow=\"6fb25922\">\n\t\t\t\t<div class=\"post-content-center\">\t\t\n\t\t<div class=\"post-hover-content\">\n\t\t\t\t\t\t\t\t\t\t\t\t\t\t<\/div>\n\t<\/div>\n\t\t\t<div class=\"gallery-bg-image-metro \" style=\"background:url(https:\/\/cantinabruno.com.ar\/wp-content\/uploads\/2020\/08\/visitas-amadeo-carrizo.jpg)\"><\/div>\n\t\n\t<\/a>\n<\/div><\/div><div class=\"grid-item metro-item5       \"  ><div>\n\t\t\t<a href=\"https:\/\/cantinabruno.com.ar\/wp-content\/uploads\/2020\/08\/visitas-caruso-lombardi-2.jpg\" class=\"gallery-list-content\" data-elementor-open-lightbox=\"default\" data-elementor-lightbox-slideshow=\"6fb25922\">\n\t\t\t\t<div class=\"post-content-center\">\t\t\n\t\t<div class=\"post-hover-content\">\n\t\t\t\t\t\t\t\t\t\t\t\t\t\t<\/div>\n\t<\/div>\n\t\t\t<div class=\"gallery-bg-image-metro \" style=\"background:url(https:\/\/cantinabruno.com.ar\/wp-content\/uploads\/2020\/08\/visitas-caruso-lombardi-2.jpg)\"><\/div>\n\t\n\t<\/a>\n<\/div><\/div><div class=\"grid-item metro-item6       \"  ><div>\n\t\t\t<a href=\"https:\/\/cantinabruno.com.ar\/wp-content\/uploads\/2020\/08\/chicas.gr2_.jpg\" class=\"gallery-list-content\" data-elementor-open-lightbox=\"default\" data-elementor-lightbox-slideshow=\"6fb25922\">\n\t\t\t\t<div class=\"post-content-center\">\t\t\n\t\t<div class=\"post-hover-content\">\n\t\t\t\t\t\t\t\t\t\t\t\t\t\t<\/div>\n\t<\/div>\n\t\t\t<div class=\"gallery-bg-image-metro \" style=\"background:url(https:\/\/cantinabruno.com.ar\/wp-content\/uploads\/2020\/08\/chicas.gr2_.jpg)\"><\/div>\n\t\n\t<\/a>\n<\/div><\/div><div class=\"grid-item metro-item7       \"  ><div>\n\t\t\t<a href=\"https:\/\/cantinabruno.com.ar\/wp-content\/uploads\/2020\/08\/damian_desanto-e1607197106891.jpg\" class=\"gallery-list-content\" data-elementor-open-lightbox=\"default\" data-elementor-lightbox-slideshow=\"6fb25922\">\n\t\t\t\t<div class=\"post-content-center\">\t\t\n\t\t<div class=\"post-hover-content\">\n\t\t\t\t\t\t\t\t\t\t\t\t\t\t<\/div>\n\t<\/div>\n\t\t\t<div class=\"gallery-bg-image-metro \" style=\"background:url(https:\/\/cantinabruno.com.ar\/wp-content\/uploads\/2020\/08\/damian_desanto-e1607197106891.jpg)\"><\/div>\n\t\n\t<\/a>\n<\/div><\/div><div class=\"grid-item metro-item8       \"  ><div>\n\t\t\t<a href=\"https:\/\/cantinabruno.com.ar\/wp-content\/uploads\/2020\/08\/enrique_pineyro-e1607197031585.jpg\" class=\"gallery-list-content\" data-elementor-open-lightbox=\"default\" data-elementor-lightbox-slideshow=\"6fb25922\">\n\t\t\t\t<div class=\"post-content-center\">\t\t\n\t\t<div class=\"post-hover-content\">\n\t\t\t\t\t\t\t\t\t\t\t\t\t\t<\/div>\n\t<\/div>\n\t\t\t<div class=\"gallery-bg-image-metro \" style=\"background:url(https:\/\/cantinabruno.com.ar\/wp-content\/uploads\/2020\/08\/enrique_pineyro-e1607197031585.jpg)\"><\/div>\n\t\n\t<\/a>\n<\/div><\/div><div class=\"grid-item metro-item9       \"  ><div>\n\t\t\t<a href=\"https:\/\/cantinabruno.com.ar\/wp-content\/uploads\/2020\/08\/mercedes_funes.jpg\" class=\"gallery-list-content\" data-elementor-open-lightbox=\"default\" data-elementor-lightbox-slideshow=\"6fb25922\">\n\t\t\t\t<div class=\"post-content-center\">\t\t\n\t\t<div class=\"post-hover-content\">\n\t\t\t\t\t\t\t\t\t\t\t\t\t\t<\/div>\n\t<\/div>\n\t\t\t<div class=\"gallery-bg-image-metro \" style=\"background:url(https:\/\/cantinabruno.com.ar\/wp-content\/uploads\/2020\/08\/mercedes_funes.jpg)\"><\/div>\n\t\n\t<\/a>\n<\/div><\/div><\/div><\/div>\t\t<\/div>\n\t\t\t\t<\/div>\n\t\t\t\t<div class=\"elementor-element elementor-element-0767f28 elementor-widget elementor-widget-spacer\" data-id=\"0767f28\" data-element_type=\"widget\" data-widget_type=\"spacer.default\">\n\t\t\t\t<div class=\"elementor-widget-container\">\n\t\t\t\t\t<div class=\"elementor-spacer\">\n\t\t\t<div class=\"elementor-spacer-inner\"><\/div>\n\t\t<\/div>\n\t\t\t\t<\/div>\n\t\t\t\t<\/div>\n\t\t\t\t\t\t<\/div>\n\t\t\t\t\t<\/div>\n\t\t<\/div>\n\t\t\t\t\t\t\t\t<\/div>\n\t\t\t\t\t<\/div>\n\t\t<\/section>\n\t\t\t\t\t\t\t\t\t<\/div>\n\t\t\t<\/div>\n\t\t\t\t\t<\/div>\n\t\t","protected":false},"excerpt":{"rendered":"<p>Nuestra Cantina, su casa En Cantina Bruno es muy com\u00fan encontrarse con celebridades de la \u00e9poca dorada del f\u00fatbol, cine y televisi\u00f3n. Todos son bienvenidos, y la visita que m\u00e1s nos enorgullece es la suya y la de su familia. Los esperamos!<\/p>\n","protected":false},"author":1,"featured_media":0,"parent":0,"menu_order":0,"comment_status":"closed","ping_status":"closed","template":"elementor_header_footer","meta":{"site-sidebar-layout":"no-sidebar","site-content-layout":"page-builder","ast-global-header-display":"","ast-main-header-display":"","ast-hfb-above-header-display":"","ast-hfb-below-header-display":"","ast-hfb-mobile-header-display":"","site-post-title":"disabled","ast-breadcrumbs-content":"","ast-featured-img":"disabled","footer-sml-layout":"","theme-transparent-header-meta":"","adv-header-id-meta":"","stick-header-meta":"","header-above-stick-meta":"","header-main-stick-meta":"","header-below-stick-meta":""},"_links":{"self":[{"href":"https:\/\/cantinabruno.com.ar\/index.php?rest_route=\/wp\/v2\/pages\/16"}],"collection":[{"href":"https:\/\/cantinabruno.com.ar\/index.php?rest_route=\/wp\/v2\/pages"}],"about":[{"href":"https:\/\/cantinabruno.com.ar\/index.php?rest_route=\/wp\/v2\/types\/page"}],"author":[{"embeddable":true,"href":"https:\/\/cantinabruno.com.ar\/index.php?rest_route=\/wp\/v2\/users\/1"}],"replies":[{"embeddable":true,"href":"https:\/\/cantinabruno.com.ar\/index.php?rest_route=%2Fwp%2Fv2%2Fcomments&post=16"}],"version-history":[{"count":0,"href":"https:\/\/cantinabruno.com.ar\/index.php?rest_route=\/wp\/v2\/pages\/16\/revisions"}],"wp:attachment":[{"href":"https:\/\/cantinabruno.com.ar\/index.php?rest_route=%2Fwp%2Fv2%2Fmedia&parent=16"}],"curies":[{"name":"wp","href":"https:\/\/api.w.org\/{rel}","templated":true}]}}